{"id":1334,"date":"2024-11-01T16:23:48","date_gmt":"2024-11-01T15:23:48","guid":{"rendered":"https:\/\/pascalhequet.fr\/?page_id=1334"},"modified":"2024-11-01T16:25:42","modified_gmt":"2024-11-01T15:25:42","slug":"rejoignez-notre-equipe-chez-pm-international","status":"publish","type":"page","link":"https:\/\/pascalhequet.fr\/?page_id=1334","title":{"rendered":"Devenez Distributeur Ind\u00e9pendant avec PM International"},"content":{"rendered":"\n<h2 class=\"wp-block-heading\">Conseiller ind\u00e9pendant nutrition, sport et beaut\u00e9 (H\/F) PM International<\/h2>\n\n\n\n<p>Devenez Distributeur \/ Distributrice Ind\u00e9pendant(e) chez PM International, leader mondial des produits naturels de sant\u00e9, nutrition et sport. Depuis sa cr\u00e9ation en 1993, PM International a connu une croissance fulgurante et est toujours d\u00e9tenue par son PDG et cr\u00e9ateur. Maintenant, vous avez l&rsquo;opportunit\u00e9 de faire partie de cette r\u00e9ussite !<\/p>\n\n\n\n<p><strong>Pourquoi nous rejoindre ?<\/strong> Chez PM International, nous vous offrons bien plus qu&rsquo;un emploi. Nous vous proposons une opportunit\u00e9 exceptionnelle de d\u00e9veloppement personnel et professionnel. Voici pourquoi vous devriez rejoindre notre \u00e9quipe :<\/p>\n\n\n\n<p><strong>Des avantages exceptionnels<\/strong> : Recevez une formation de premi\u00e8re classe pour promouvoir des produits naturels de la plus haute qualit\u00e9, contribuant ainsi au bien-\u00eatre des autres.<\/p>\n\n\n\n<p><strong>Un plan de r\u00e9mun\u00e9ration attractif<\/strong> : Soyez r\u00e9compens\u00e9(e) \u00e0 la hauteur de vos efforts avec un plan de r\u00e9mun\u00e9ration comp\u00e9titif qui \u00e9volue au fur et \u00e0 mesure de votre succ\u00e8s.<\/p>\n\n\n\n<p><strong>Des opportunit\u00e9s de progression<\/strong> : Acc\u00e9dez \u00e0 des formations exclusives au si\u00e8ge de l&rsquo;entreprise, gagnez des voyages internationaux et b\u00e9n\u00e9ficiez d&rsquo;un plan d&rsquo;\u00e9pargne-retraite unique.<\/p>\n\n\n\n<p><strong>Flexibilit\u00e9 et libert\u00e9 totales<\/strong> : Travaillez \u00e0 votre rythme, g\u00e9rez votre emploi du temps et profitez d&rsquo;un \u00e9quilibre entre vie professionnelle et vie priv\u00e9e. Un r\u00e9seau de soutien : Rejoignez une \u00e9quipe bienveillante et dynamique qui vous accompagnera \u00e0 chaque \u00e9tape de votre parcours.<\/p>\n\n\n\n<p><strong>Statut<\/strong> : VDI ou auto-entrepreneur<\/p>\n\n\n\n<p><strong>Vos missions<\/strong><\/p>\n\n\n\n<p>Nous cherchons des individus motiv\u00e9s, dynamiques et passionn\u00e9s par le bien-\u00eatre. Aucune qualification pr\u00e9alable n&rsquo;est requise, car nous offrons une formation personnalis\u00e9e pour vous aider \u00e0 r\u00e9ussir. En tant que distributeur ou distributrice ind\u00e9pendant(e), vous aurez la possibilit\u00e9 de d\u00e9velopper votre \u00e9quipe en France et \u00e0 l&rsquo;\u00e9tranger.<\/p>\n\n\n\n<p><strong>Vos comp\u00e9tences<\/strong><\/p>\n\n\n\n<p>Tous profils accept\u00e9s, nous assurons formation et assistance de fa\u00e7on individuelle et gratuite.<\/p>\n\n\n\n<p>S\u00e9rieux, convivialit\u00e9 et envie d&rsquo;apprendre seront parfaitement compatibles avec nos m\u00e9thodes de travail qui sont ax\u00e9es sur l&rsquo;humain et l&rsquo;entraide<\/p>\n\n\n\n<p><strong>Comment postuler ?<\/strong><\/p>\n\n\n\n<p>N&rsquo;attendez plus ! Contactez-nous d\u00e8s maintenant pour discuter de votre projet en d\u00e9tail. Nous \u00e9valuerons si votre profil correspond \u00e0 nos attentes et vous fournirons toutes les informations n\u00e9cessaires pour un lancement r\u00e9ussi.<\/p>\n\n\n\n<p><strong>Rejoignez notre \u00e9quipe d\u00e8s aujourd&rsquo;hui et commencez \u00e0 construire votre avenir avec PM International !<\/strong><\/p>\n\n\n\n<div class=\"wp-block-uagb-forms uagb-forms__outer-wrap uagb-block-d7c5ff4a uagb-forms__medium-btn\"><form class=\"uagb-forms-main-form\" method=\"post\" autocomplete=\"on\" name=\"uagb-form-d7c5ff4a\">\n<div class=\"wp-block-uagb-forms-name uagb-forms-name-wrap uagb-forms-field-set uagb-block-4a9f1b6f\"><div class=\"uagb-forms-name-label required uagb-forms-input-label\" id=\"4a9f1b6f\">Pr\u00e9nom<\/div><input type=\"text\" placeholder=\"John\" required class=\"uagb-forms-name-input uagb-forms-input\" name=\"4a9f1b6f\" autocomplete=\"given-name\"\/><\/div>\n\n\n\n<div class=\"wp-block-uagb-forms-name uagb-forms-name-wrap uagb-forms-field-set uagb-block-d7b40f4b\"><div class=\"uagb-forms-name-label required uagb-forms-input-label\" id=\"d7b40f4b\">NOM<\/div><input type=\"text\" placeholder=\"Doe\" required class=\"uagb-forms-name-input uagb-forms-input\" name=\"d7b40f4b\" autocomplete=\"family-name\"\/><\/div>\n\n\n\n<div class=\"wp-block-uagb-forms-email uagb-forms-email-wrap uagb-forms-field-set uagb-block-9e193c8b\"><div class=\"uagb-forms-email-label  uagb-forms-input-label\" id=\"9e193c8b\">Email<\/div><input type=\"email\" class=\"uagb-forms-email-input uagb-forms-input\" placeholder=\"example@mail.com\" name=\"9e193c8b\" autocomplete=\"email\"\/><\/div>\n\n\n\n<div class=\"wp-block-uagb-forms-textarea uagb-forms-textarea-wrap uagb-forms-field-set uagb-block-e9634347\"><div class=\"uagb-forms-textarea-label required uagb-forms-input-label\" id=\"e9634347\">Message<\/div><textarea required class=\"uagb-forms-textarea-input uagb-forms-input\" rows=\"4\" placeholder=\"Enter your message\" name=\"e9634347\" autocomplete=\"off\"><\/textarea><\/div>\n<div class=\"uagb-forms-form-hidden-data\"><input type=\"hidden\" class=\"uagb_forms_form_label\" value=\"Spectra Form\"\/><input type=\"hidden\" class=\"uagb_forms_form_id\" value=\"uagb-form-d7c5ff4a\"\/><\/div><div class=\"uagb-form-reacaptcha-error-d7c5ff4a\"><\/div><div class=\"uagb-forms-main-submit-button-wrap wp-block-button\"><button class=\"uagb-forms-main-submit-button wp-block-button__link\"><div class=\"uagb-forms-main-submit-button-text\">Envoyer<\/div><\/button><\/div><\/form><div class=\"uagb-forms-success-message-d7c5ff4a uagb-forms-submit-message-hide\"><span>The form has been submitted successfully!<\/span><\/div><div class=\"uagb-forms-failed-message-d7c5ff4a uagb-forms-submit-message-hide\"><span>There has been some error while submitting the form. Please verify all form fields again.<\/span><\/div><\/div>\n","protected":false},"excerpt":{"rendered":"<p>Conseiller ind\u00e9pendant nutrition, sport et beaut\u00e9 (H\/F) PM International Devenez Distributeur \/ Distributrice Ind\u00e9pendant(e) chez PM International, leader mondial des produits naturels de sant\u00e9, nutrition et sport. Depuis sa cr\u00e9ation en 1993, PM International a connu une croissance fulgurante et est toujours d\u00e9tenue par son PDG et cr\u00e9ateur. Maintenant, vous avez l&rsquo;opportunit\u00e9 de faire partie [&hellip;]<\/p>\n","protected":false},"author":1,"featured_media":0,"parent":0,"menu_order":0,"comment_status":"closed","ping_status":"closed","template":"","meta":{"_uag_custom_page_level_css":"","ocean_post_layout":"","ocean_both_sidebars_style":"","ocean_both_sidebars_content_width":0,"ocean_both_sidebars_sidebars_width":0,"ocean_sidebar":"","ocean_second_sidebar":"","ocean_disable_margins":"enable","ocean_add_body_class":"","ocean_shortcode_before_top_bar":"","ocean_shortcode_after_top_bar":"","ocean_shortcode_before_header":"","ocean_shortcode_after_header":"","ocean_has_shortcode":"","ocean_shortcode_after_title":"","ocean_shortcode_before_footer_widgets":"","ocean_shortcode_after_footer_widgets":"","ocean_shortcode_before_footer_bottom":"","ocean_shortcode_after_footer_bottom":"","ocean_display_top_bar":"default","ocean_display_header":"default","ocean_header_style":"","ocean_center_header_left_menu":"","ocean_custom_header_template":"","ocean_custom_logo":0,"ocean_custom_retina_logo":0,"ocean_custom_logo_max_width":0,"ocean_custom_logo_tablet_max_width":0,"ocean_custom_logo_mobile_max_width":0,"ocean_custom_logo_max_height":0,"ocean_custom_logo_tablet_max_height":0,"ocean_custom_logo_mobile_max_height":0,"ocean_header_custom_menu":"","ocean_menu_typo_font_family":"","ocean_menu_typo_font_subset":"","ocean_menu_typo_font_size":0,"ocean_menu_typo_font_size_tablet":0,"ocean_menu_typo_font_size_mobile":0,"ocean_menu_typo_font_size_unit":"px","ocean_menu_typo_font_weight":"","ocean_menu_typo_font_weight_tablet":"","ocean_menu_typo_font_weight_mobile":"","ocean_menu_typo_transform":"","ocean_menu_typo_transform_tablet":"","ocean_menu_typo_transform_mobile":"","ocean_menu_typo_line_height":0,"ocean_menu_typo_line_height_tablet":0,"ocean_menu_typo_line_height_mobile":0,"ocean_menu_typo_line_height_unit":"","ocean_menu_typo_spacing":0,"ocean_menu_typo_spacing_tablet":0,"ocean_menu_typo_spacing_mobile":0,"ocean_menu_typo_spacing_unit":"","ocean_menu_link_color":"","ocean_menu_link_color_hover":"","ocean_menu_link_color_active":"","ocean_menu_link_background":"","ocean_menu_link_hover_background":"","ocean_menu_link_active_background":"","ocean_menu_social_links_bg":"","ocean_menu_social_hover_links_bg":"","ocean_menu_social_links_color":"","ocean_menu_social_hover_links_color":"","ocean_disable_title":"default","ocean_disable_heading":"default","ocean_post_title":"","ocean_post_subheading":"","ocean_post_title_style":"","ocean_post_title_background_color":"","ocean_post_title_background":0,"ocean_post_title_bg_image_position":"","ocean_post_title_bg_image_attachment":"","ocean_post_title_bg_image_repeat":"","ocean_post_title_bg_image_size":"","ocean_post_title_height":0,"ocean_post_title_bg_overlay":0.5,"ocean_post_title_bg_overlay_color":"","ocean_disable_breadcrumbs":"default","ocean_breadcrumbs_color":"","ocean_breadcrumbs_separator_color":"","ocean_breadcrumbs_links_color":"","ocean_breadcrumbs_links_hover_color":"","ocean_display_footer_widgets":"default","ocean_display_footer_bottom":"default","ocean_custom_footer_template":"","footnotes":""},"class_list":["post-1334","page","type-page","status-publish","hentry","entry","owp-thumbs-layout-horizontal","owp-btn-normal","owp-tabs-layout-horizontal","has-no-thumbnails","has-product-nav"],"uagb_featured_image_src":{"full":false,"thumbnail":false,"medium":false,"medium_large":false,"large":false,"1536x1536":false,"2048x2048":false,"ocean-thumb-m":false,"ocean-thumb-ml":false,"ocean-thumb-l":false,"mailpoet_newsletter_max":false,"woocommerce_thumbnail":false,"woocommerce_single":false,"woocommerce_gallery_thumbnail":false},"uagb_author_info":{"display_name":"admin","author_link":"https:\/\/pascalhequet.fr\/?author=1"},"uagb_comment_info":0,"uagb_excerpt":"Conseiller ind\u00e9pendant nutrition, sport et beaut\u00e9 (H\/F) PM International Devenez Distributeur \/ Distributrice Ind\u00e9pendant(e) chez PM International, leader mondial des produits naturels de sant\u00e9, nutrition et sport. Depuis sa cr\u00e9ation en 1993, PM International a connu une croissance fulgurante et est toujours d\u00e9tenue par son PDG et cr\u00e9ateur. Maintenant, vous avez l&rsquo;opportunit\u00e9 de faire partie\u2026","jetpack_sharing_enabled":true,"_links":{"self":[{"href":"https:\/\/pascalhequet.fr\/index.php?rest_route=\/wp\/v2\/pages\/1334","targetHints":{"allow":["GET"]}}],"collection":[{"href":"https:\/\/pascalhequet.fr\/index.php?rest_route=\/wp\/v2\/pages"}],"about":[{"href":"https:\/\/pascalhequet.fr\/index.php?rest_route=\/wp\/v2\/types\/page"}],"author":[{"embeddable":true,"href":"https:\/\/pascalhequet.fr\/index.php?rest_route=\/wp\/v2\/users\/1"}],"replies":[{"embeddable":true,"href":"https:\/\/pascalhequet.fr\/index.php?rest_route=%2Fwp%2Fv2%2Fcomments&post=1334"}],"version-history":[{"count":0,"href":"https:\/\/pascalhequet.fr\/index.php?rest_route=\/wp\/v2\/pages\/1334\/revisions"}],"wp:attachment":[{"href":"https:\/\/pascalhequet.fr\/index.php?rest_route=%2Fwp%2Fv2%2Fmedia&parent=1334"}],"curies":[{"name":"wp","href":"https:\/\/api.w.org\/{rel}","templated":true}]}}