{"id":465,"date":"2016-09-27T14:57:56","date_gmt":"2016-09-27T14:57:56","guid":{"rendered":"http:\/\/fitness2.mythemecloud.io\/?page_id=465"},"modified":"2025-09-27T12:41:37","modified_gmt":"2025-09-27T10:41:37","slug":"soins-energetiques-reiki","status":"publish","type":"page","link":"https:\/\/pascalhequet.fr\/?page_id=465","title":{"rendered":"Soins \u00e9nerg\u00e9tiques REIKI"},"content":{"rendered":"<p><strong>Traduction et d\u00e9finition du mot Reiki<\/strong><\/p>\n<p>Mikao USUI (1865 \u2013 1922), a fond\u00e9 le \u00ab\u00a0Reiki\u00a0\u00bb.<\/p>\n<p>La traduction possible est la <em>force de l\u2019esprit<\/em>, ou bien aussi par <em>l\u2019\u00e9nergie de l\u2019esprit<\/em>.<\/p>\n<p><strong>Sens du Reiki Traditionnel<\/strong><\/p>\n<p>Le Reiki est donc une m\u00e9thode permettant \u00e0 chacun de d\u00e9velopper sa force de l\u2019esprit.<\/p>\n<p>En effet, il permet d\u2019aller chercher en soi ses ressources naturelles inh\u00e9rentes. Son sens \u00e9tant effectivement de savoir faire face aux al\u00e9as de la vie, et ainsi d\u2019aller vers son \u00e9panouissement naturel.<\/p>\n<p><strong>Signification du mot \u00ab\u00a0traditionnel\u00a0\u00bb<\/strong><\/p>\n<p>Mikao Usui n\u2019a pas parl\u00e9 d\u2019une\u00a0\u00e9nergie universelle, mais d\u2019une m\u00e9thode d\u2019acc\u00e8s universel.<\/p>\n<p>Le Reiki Traditionnel s\u2019inscrit au-del\u00e0 des croyances et appartenances culturelles, il repose enti\u00e8rement sur le fonctionnement de la conscience humaine pour faire atteindre \u00e0 chacun son bonheur. En ce sens, il rel\u00e8ve de la tradition fonctionnelle et naturelle de l\u2019\u00eatre humain.<\/p>\n<p><strong>A quoi sert le Reiki Traditionnel, ou Reiki Usui\u00a0?<\/strong><\/p>\n<p>Le Reiki traditionnel Usui permet d\u2019\u00e9quilibrer le corps physique et \u00e9nerg\u00e9tique, d\u2019harmoniser l\u2019\u00e9motionnel et d\u2019aider l\u2019autre \u00e0 retrouver un mode de vie de qualit\u00e9.<\/p>\n<p>Les effets relaxants ressentis lors d\u2019une s\u00e9ance sont possible gr\u00e2ce \u00e0 l\u2019apposition ou toucher des mains et \u00e0 une m\u00e9ditation profonde.<\/p>\n<p>En r\u00e9sum\u00e9, sur le Reiki Traditionnel d\u2019Usui :<\/p>\n<ul>\n<li>Il signifie : la force de l\u2019esprit<\/li>\n<li>Son fonctionnement a une d\u00e9marche scientifique : centr\u00e9 sur l\u2019\u00eatre humain, sa d\u00e9marche est v\u00e9rifiable<\/li>\n<li>Le Reiki se base sur l\u2019alliance de la m\u00e9ditation et du toucher qui relie la personne \u00e0 elle-m\u00eame en lui permettant d\u2019aller chercher en elle ses capacit\u00e9s et ressources naturelles pour faire face aux difficult\u00e9s qu\u2019elle peut rencontrer<\/li>\n<li>Cette pratique de connaissance, de savoir utiliser ses propres moyens pour s\u2019en sortir, m\u00e8ne \u00e0 l\u2019autonomie.<\/li>\n<\/ul>\n<p>\t\t\t\t\t\t\t\t<a href=\"https:\/\/zcal.co\/i\/XFso9hDx\" target=\"_blank\" rel=\"noopener\"><br \/>\n\t\t\t\t\t\t\t\t\tPrendre Rendez-Vous<br \/>\n\t\t\t\t\t<\/a><br \/>\n\t\t\t\t\t\t\t\t\t\t\t\t\t\t\t\t\t\t\t<img fetchpriority=\"high\" width=\"1333\" height=\"2000\"  alt=\"\" srcset=\"https:\/\/pascalhequet.fr\/wp-content\/uploads\/2023\/12\/reiki-01.png 1333w, https:\/\/pascalhequet.fr\/wp-content\/uploads\/2023\/12\/reiki-01-200x300.png 200w, https:\/\/pascalhequet.fr\/wp-content\/uploads\/2023\/12\/reiki-01-682x1024.png 682w, https:\/\/pascalhequet.fr\/wp-content\/uploads\/2023\/12\/reiki-01-768x1152.png 768w, https:\/\/pascalhequet.fr\/wp-content\/uploads\/2023\/12\/reiki-01-1024x1536.png 1024w, https:\/\/pascalhequet.fr\/wp-content\/uploads\/2023\/12\/reiki-01-600x900.png 600w\" sizes=\"(max-width: 1333px) 100vw, 1333px\" \/ class=\"lws-optimize-lazyload\" data-src=\"https:\/\/pascalhequet.fr\/wp-content\/uploads\/2023\/12\/reiki-01.png\">\t\t\t\t\t\t\t\t\t\t\t\t\t\t\t\t\t\t\t\t\t\t\t\t\t\t<img width=\"508\" height=\"677\"  alt=\"\" srcset=\"https:\/\/pascalhequet.fr\/wp-content\/uploads\/2023\/12\/image0000051001.jpg 508w, https:\/\/pascalhequet.fr\/wp-content\/uploads\/2023\/12\/image0000051001-225x300.jpg 225w\" sizes=\"(max-width: 508px) 100vw, 508px\" \/ class=\"lws-optimize-lazyload\" data-src=\"https:\/\/pascalhequet.fr\/wp-content\/uploads\/2023\/12\/image0000051001.jpg\">\t\t\t\t\t\t\t\t\t\t\t\t\t\t\t\t\t\t\t\t\t\t\t\t\t\t<img width=\"719\" height=\"959\"  alt=\"\" srcset=\"https:\/\/pascalhequet.fr\/wp-content\/uploads\/2023\/11\/image0000061001.jpg 719w, https:\/\/pascalhequet.fr\/wp-content\/uploads\/2023\/11\/image0000061001-225x300.jpg 225w, https:\/\/pascalhequet.fr\/wp-content\/uploads\/2023\/11\/image0000061001-600x800.jpg 600w\" sizes=\"(max-width: 719px) 100vw, 719px\" \/ class=\"lws-optimize-lazyload\" data-src=\"https:\/\/pascalhequet.fr\/wp-content\/uploads\/2023\/11\/image0000061001.jpg\">\t\t\t\t\t\t\t\t\t\t\t\t\t\t\t\t\t\t\t\t\t\t\t\t\t\t<img loading=\"lazy\" width=\"688\" height=\"720\"  alt=\"\" srcset=\"https:\/\/pascalhequet.fr\/wp-content\/uploads\/2023\/12\/Mikao-Usui.jpg 688w, https:\/\/pascalhequet.fr\/wp-content\/uploads\/2023\/12\/Mikao-Usui-287x300.jpg 287w, https:\/\/pascalhequet.fr\/wp-content\/uploads\/2023\/12\/Mikao-Usui-600x628.jpg 600w\" sizes=\"(max-width: 688px) 100vw, 688px\" \/ class=\"lws-optimize-lazyload\" data-src=\"https:\/\/pascalhequet.fr\/wp-content\/uploads\/2023\/12\/Mikao-Usui.jpg\">\t\t\t\t\t\t\t\t\t\t\t\t\t\t\t\t\t\t\t\t\t\t\t\t\t\t<img loading=\"lazy\" width=\"1920\" height=\"2560\"  alt=\"\" srcset=\"https:\/\/pascalhequet.fr\/wp-content\/uploads\/2023\/12\/Reiki-Soin-PH-scaled.jpg 1920w, https:\/\/pascalhequet.fr\/wp-content\/uploads\/2023\/12\/Reiki-Soin-PH-225x300.jpg 225w, https:\/\/pascalhequet.fr\/wp-content\/uploads\/2023\/12\/Reiki-Soin-PH-768x1024.jpg 768w, https:\/\/pascalhequet.fr\/wp-content\/uploads\/2023\/12\/Reiki-Soin-PH-1152x1536.jpg 1152w, https:\/\/pascalhequet.fr\/wp-content\/uploads\/2023\/12\/Reiki-Soin-PH-1536x2048.jpg 1536w, https:\/\/pascalhequet.fr\/wp-content\/uploads\/2023\/12\/Reiki-Soin-PH-600x800.jpg 600w\" sizes=\"(max-width: 1920px) 100vw, 1920px\" \/ class=\"lws-optimize-lazyload\" data-src=\"https:\/\/pascalhequet.fr\/wp-content\/uploads\/2023\/12\/Reiki-Soin-PH-scaled.jpg\"><\/p>\n","protected":false},"excerpt":{"rendered":"<p>Traduction et d\u00e9finition du mot Reiki Mikao USUI (1865 \u2013 1922), a fond\u00e9 le \u00ab\u00a0Reiki\u00a0\u00bb. La traduction possible est la force de l\u2019esprit, ou bien aussi par l\u2019\u00e9nergie de l\u2019esprit. Sens du Reiki Traditionnel Le Reiki est donc une m\u00e9thode permettant \u00e0 chacun de d\u00e9velopper sa force de l\u2019esprit. En effet, il permet d\u2019aller chercher [&hellip;]<\/p>\n","protected":false},"author":1,"featured_media":0,"parent":0,"menu_order":0,"comment_status":"closed","ping_status":"closed","template":"","meta":{"_uag_custom_page_level_css":"","ocean_post_layout":"full-width","ocean_both_sidebars_style":"","ocean_both_sidebars_content_width":0,"ocean_both_sidebars_sidebars_width":0,"ocean_sidebar":"","ocean_second_sidebar":"","ocean_disable_margins":"enable","ocean_add_body_class":"","ocean_shortcode_before_top_bar":"","ocean_shortcode_after_top_bar":"","ocean_shortcode_before_header":"","ocean_shortcode_after_header":"","ocean_has_shortcode":"","ocean_shortcode_after_title":"","ocean_shortcode_before_footer_widgets":"","ocean_shortcode_after_footer_widgets":"","ocean_shortcode_before_footer_bottom":"","ocean_shortcode_after_footer_bottom":"","ocean_display_top_bar":"default","ocean_display_header":"default","ocean_header_style":"","ocean_center_header_left_menu":"","ocean_custom_header_template":"","ocean_custom_logo":0,"ocean_custom_retina_logo":0,"ocean_custom_logo_max_width":0,"ocean_custom_logo_tablet_max_width":0,"ocean_custom_logo_mobile_max_width":0,"ocean_custom_logo_max_height":0,"ocean_custom_logo_tablet_max_height":0,"ocean_custom_logo_mobile_max_height":0,"ocean_header_custom_menu":"","ocean_menu_typo_font_family":"","ocean_menu_typo_font_subset":"","ocean_menu_typo_font_size":0,"ocean_menu_typo_font_size_tablet":0,"ocean_menu_typo_font_size_mobile":0,"ocean_menu_typo_font_size_unit":"px","ocean_menu_typo_font_weight":"","ocean_menu_typo_font_weight_tablet":"","ocean_menu_typo_font_weight_mobile":"","ocean_menu_typo_transform":"","ocean_menu_typo_transform_tablet":"","ocean_menu_typo_transform_mobile":"","ocean_menu_typo_line_height":0,"ocean_menu_typo_line_height_tablet":0,"ocean_menu_typo_line_height_mobile":0,"ocean_menu_typo_line_height_unit":"","ocean_menu_typo_spacing":0,"ocean_menu_typo_spacing_tablet":0,"ocean_menu_typo_spacing_mobile":0,"ocean_menu_typo_spacing_unit":"","ocean_menu_link_color":"","ocean_menu_link_color_hover":"","ocean_menu_link_color_active":"","ocean_menu_link_background":"","ocean_menu_link_hover_background":"","ocean_menu_link_active_background":"","ocean_menu_social_links_bg":"","ocean_menu_social_hover_links_bg":"","ocean_menu_social_links_color":"","ocean_menu_social_hover_links_color":"","ocean_disable_title":"on","ocean_disable_heading":"default","ocean_post_title":"","ocean_post_subheading":"","ocean_post_title_style":"","ocean_post_title_background_color":"","ocean_post_title_background":0,"ocean_post_title_bg_image_position":"","ocean_post_title_bg_image_attachment":"","ocean_post_title_bg_image_repeat":"","ocean_post_title_bg_image_size":"","ocean_post_title_height":0,"ocean_post_title_bg_overlay":0.5,"ocean_post_title_bg_overlay_color":"","ocean_disable_breadcrumbs":"default","ocean_breadcrumbs_color":"","ocean_breadcrumbs_separator_color":"","ocean_breadcrumbs_links_color":"","ocean_breadcrumbs_links_hover_color":"","ocean_display_footer_widgets":"default","ocean_display_footer_bottom":"default","ocean_custom_footer_template":"","footnotes":""},"class_list":["post-465","page","type-page","status-publish","hentry","entry","owp-thumbs-layout-horizontal","owp-btn-normal","owp-tabs-layout-horizontal","has-no-thumbnails","has-product-nav"],"uagb_featured_image_src":{"full":false,"thumbnail":false,"medium":false,"medium_large":false,"large":false,"1536x1536":false,"2048x2048":false,"ocean-thumb-m":false,"ocean-thumb-ml":false,"ocean-thumb-l":false,"mailpoet_newsletter_max":false,"woocommerce_thumbnail":false,"woocommerce_single":false,"woocommerce_gallery_thumbnail":false},"uagb_author_info":{"display_name":"admin","author_link":"https:\/\/pascalhequet.fr\/?author=1"},"uagb_comment_info":0,"uagb_excerpt":"Traduction et d\u00e9finition du mot Reiki Mikao USUI (1865 \u2013 1922), a fond\u00e9 le \u00ab\u00a0Reiki\u00a0\u00bb. La traduction possible est la force de l\u2019esprit, ou bien aussi par l\u2019\u00e9nergie de l\u2019esprit. Sens du Reiki Traditionnel Le Reiki est donc une m\u00e9thode permettant \u00e0 chacun de d\u00e9velopper sa force de l\u2019esprit. En effet, il permet d\u2019aller chercher\u2026","jetpack_sharing_enabled":true,"_links":{"self":[{"href":"https:\/\/pascalhequet.fr\/index.php?rest_route=\/wp\/v2\/pages\/465","targetHints":{"allow":["GET"]}}],"collection":[{"href":"https:\/\/pascalhequet.fr\/index.php?rest_route=\/wp\/v2\/pages"}],"about":[{"href":"https:\/\/pascalhequet.fr\/index.php?rest_route=\/wp\/v2\/types\/page"}],"author":[{"embeddable":true,"href":"https:\/\/pascalhequet.fr\/index.php?rest_route=\/wp\/v2\/users\/1"}],"replies":[{"embeddable":true,"href":"https:\/\/pascalhequet.fr\/index.php?rest_route=%2Fwp%2Fv2%2Fcomments&post=465"}],"version-history":[{"count":0,"href":"https:\/\/pascalhequet.fr\/index.php?rest_route=\/wp\/v2\/pages\/465\/revisions"}],"wp:attachment":[{"href":"https:\/\/pascalhequet.fr\/index.php?rest_route=%2Fwp%2Fv2%2Fmedia&parent=465"}],"curies":[{"name":"wp","href":"https:\/\/api.w.org\/{rel}","templated":true}]}}