{"id":501,"date":"2023-12-02T08:47:43","date_gmt":"2023-12-02T07:47:43","guid":{"rendered":"http:\/\/fitness2.mythemecloud.io\/?page_id=501"},"modified":"2025-09-27T12:48:53","modified_gmt":"2025-09-27T10:48:53","slug":"naturopathie","status":"publish","type":"page","link":"https:\/\/pascalhequet.fr\/?page_id=501","title":{"rendered":"Naturopathie"},"content":{"rendered":"<style>\/*! elementor - v3.17.0 - 08-11-2023 *\/<br \/>\n.elementor-heading-title{padding:0;margin:0;line-height:1}.elementor-widget-heading .elementor-heading-title[class*=elementor-size-]>a{color:inherit;font-size:inherit;line-height:inherit}.elementor-widget-heading .elementor-heading-title.elementor-size-small{font-size:15px}.elementor-widget-heading .elementor-heading-title.elementor-size-medium{font-size:19px}.elementor-widget-heading .elementor-heading-title.elementor-size-large{font-size:29px}.elementor-widget-heading .elementor-heading-title.elementor-size-xl{font-size:39px}.elementor-widget-heading .elementor-heading-title.elementor-size-xxl{font-size:59px}<\/style>\n<h2>Naturopathie pour les humains et les animaux<\/h2>\n<p>La naturopathie est une pratique de soin qui vise \u00e0 renforcer les capacit\u00e9s d\u2019auto-gu\u00e9rison du corps, \u00e0 pr\u00e9venir les maladies et \u00e0 optimiser la sant\u00e9.<\/p>\n<p>Elle repose sur des principes de respect de la nature, de globalit\u00e9 de l\u2019\u00eatre et de responsabilit\u00e9 individuelle.<\/p>\n<p>Elle utilise des m\u00e9thodes naturelles et douces, comme la phytoth\u00e9rapie, l\u2019aromath\u00e9rapie, l\u2019hom\u00e9opathie, la nutrition, le massage, la r\u00e9flexologie, etc.<\/p>\n<p>La naturopathie s\u2019adresse aussi bien aux humains qu\u2019aux animaux.<\/p>\n<p>En effet, les animaux ont eux aussi besoin d\u2019un \u00e9quilibre entre leur corps, leur esprit et leur environnement.<\/p>\n<p>Ils sont \u00e9galement expos\u00e9s \u00e0 des facteurs de stress, de pollution, de malnutrition, qui peuvent affecter leur sant\u00e9 et leur bien-\u00eatre.<\/p>\n<p>La naturopathie peut les aider \u00e0 retrouver leur vitalit\u00e9, \u00e0 renforcer leur immunit\u00e9, \u00e0 soulager leurs douleurs, \u00e0 pr\u00e9venir ou accompagner les maladies chroniques, etc.<\/p>\n<p>En tant que naturopathe, je vous propose un accompagnement personnalis\u00e9, adapt\u00e9 \u00e0 vos besoins et \u00e0 ceux de vos animaux.<\/p>\n<p>Je r\u00e9alise un bilan de sant\u00e9 complet, qui prend en compte votre histoire, votre mode de vie, votre alimentation, votre \u00e9tat \u00e9motionnel, etc.<\/p>\n<p>Je vous conseille ensuite des solutions naturelles et efficaces, qui respectent votre individualit\u00e9 et celle de vos animaux. Je vous aide \u00e9galement \u00e0 mettre en place des changements positifs dans votre quotidien, pour am\u00e9liorer votre qualit\u00e9 de vie et celle de vos compagnons.<\/p>\n<p>Si vous souhaitez b\u00e9n\u00e9ficier des bienfaits de la naturopathie pour vous et vos animaux, n\u2019h\u00e9sitez pas \u00e0 me contacter.<\/p>\n<p>Je me ferai un plaisir de vous r\u00e9pondre et de vous accompagner sur le chemin de la sant\u00e9 et du bien-\u00eatre.<\/p>\n<p>Je pr\u00e9cise que je ne remplace en aucun cas le m\u00e9decin ou le v\u00e9t\u00e9rinaire et que je ne conseille jamais de modifier ou stopper un traitement m\u00e9dical en cours.<\/p>\n<p><a href=\"https:\/\/zcal.co\/i\/xfLJluKa\" target=\"_blank\" rel=\"noopener\"><br \/>\nPrendre rendez-vous<br \/>\n<\/a><\/p>\n<style>\/*! elementor - v3.17.0 - 08-11-2023 *\/<br \/>\n.elementor-widget-image{text-align:center}.elementor-widget-image a{display:inline-block}.elementor-widget-image a img[src$=\".svg\"]{width:48px}.elementor-widget-image img{vertical-align:middle;display:inline-block}<\/style>\n<p><img fetchpriority=\"high\"  sizes=\"(max-width: 768px) 100vw, 768px\" srcset=\"https:\/\/pascalhequet.fr\/wp-content\/uploads\/2023\/12\/VideoCapture_20211127-145857-768x1024.jpg 768w, https:\/\/pascalhequet.fr\/wp-content\/uploads\/2023\/12\/VideoCapture_20211127-145857-225x300.jpg 225w, https:\/\/pascalhequet.fr\/wp-content\/uploads\/2023\/12\/VideoCapture_20211127-145857-600x800.jpg 600w, https:\/\/pascalhequet.fr\/wp-content\/uploads\/2023\/12\/VideoCapture_20211127-145857.jpg 1080w\" alt=\"\" width=\"768\" height=\"1024\" \/ class=\"lws-optimize-lazyload\" data-src=\"https:\/\/pascalhequet.fr\/wp-content\/uploads\/2023\/12\/VideoCapture_20211127-145857-768x1024.jpg\"><\/p>\n<style>\/*! elementor - v3.17.0 - 08-11-2023 *\/<br \/>\n.elementor-widget-divider{--divider-border-style:none;--divider-border-width:1px;--divider-color:#0c0d0e;--divider-icon-size:20px;--divider-element-spacing:10px;--divider-pattern-height:24px;--divider-pattern-size:20px;--divider-pattern-url:none;--divider-pattern-repeat:repeat-x}.elementor-widget-divider .elementor-divider{display:flex}.elementor-widget-divider .elementor-divider__text{font-size:15px;line-height:1;max-width:95%}.elementor-widget-divider .elementor-divider__element{margin:0 var(--divider-element-spacing);flex-shrink:0}.elementor-widget-divider .elementor-icon{font-size:var(--divider-icon-size)}.elementor-widget-divider .elementor-divider-separator{display:flex;margin:0;direction:ltr}.elementor-widget-divider--view-line_icon .elementor-divider-separator,.elementor-widget-divider--view-line_text .elementor-divider-separator{align-items:center}.elementor-widget-divider--view-line_icon .elementor-divider-separator:after,.elementor-widget-divider--view-line_icon .elementor-divider-separator:before,.elementor-widget-divider--view-line_text .elementor-divider-separator:after,.elementor-widget-divider--view-line_text .elementor-divider-separator:before{display:block;content:\"\";border-bottom:0;flex-grow:1;border-top:var(--divider-border-width) var(--divider-border-style) var(--divider-color)}.elementor-widget-divider--element-align-left .elementor-divider .elementor-divider-separator>.elementor-divider__svg:first-of-type{flex-grow:0;flex-shrink:100}.elementor-widget-divider--element-align-left .elementor-divider-separator:before{content:none}.elementor-widget-divider--element-align-left .elementor-divider__element{margin-left:0}.elementor-widget-divider--element-align-right .elementor-divider .elementor-divider-separator>.elementor-divider__svg:last-of-type{flex-grow:0;flex-shrink:100}.elementor-widget-divider--element-align-right .elementor-divider-separator:after{content:none}.elementor-widget-divider--element-align-right .elementor-divider__element{margin-right:0}.elementor-widget-divider:not(.elementor-widget-divider--view-line_text):not(.elementor-widget-divider--view-line_icon) .elementor-divider-separator{border-top:var(--divider-border-width) var(--divider-border-style) var(--divider-color)}.elementor-widget-divider--separator-type-pattern{--divider-border-style:none}.elementor-widget-divider--separator-type-pattern.elementor-widget-divider--view-line .elementor-divider-separator,.elementor-widget-divider--separator-type-pattern:not(.elementor-widget-divider--view-line) .elementor-divider-separator:after,.elementor-widget-divider--separator-type-pattern:not(.elementor-widget-divider--view-line) .elementor-divider-separator:before,.elementor-widget-divider--separator-type-pattern:not([class*=elementor-widget-divider--view]) .elementor-divider-separator{width:100%;min-height:var(--divider-pattern-height);-webkit-mask-size:var(--divider-pattern-size) 100%;mask-size:var(--divider-pattern-size) 100%;-webkit-mask-repeat:var(--divider-pattern-repeat);mask-repeat:var(--divider-pattern-repeat);background-color:var(--divider-color);-webkit-mask-image:var(--divider-pattern-url);mask-image:var(--divider-pattern-url)}.elementor-widget-divider--no-spacing{--divider-pattern-size:auto}.elementor-widget-divider--bg-round{--divider-pattern-repeat:round}.rtl .elementor-widget-divider .elementor-divider__text{direction:rtl}.e-con-inner>.elementor-widget-divider,.e-con>.elementor-widget-divider{width:var(--container-widget-width,100%);--flex-grow:var(--container-widget-flex-grow)}<\/style>\n","protected":false},"excerpt":{"rendered":"<p>Naturopathie pour les humains et les animaux La naturopathie est une pratique de soin qui vise \u00e0 renforcer les capacit\u00e9s d\u2019auto-gu\u00e9rison du corps, \u00e0 pr\u00e9venir les maladies et \u00e0 optimiser la sant\u00e9. Elle repose sur des principes de respect de la nature, de globalit\u00e9 de l\u2019\u00eatre et de responsabilit\u00e9 individuelle. Elle utilise des m\u00e9thodes naturelles [&hellip;]<\/p>\n","protected":false},"author":1,"featured_media":0,"parent":0,"menu_order":0,"comment_status":"closed","ping_status":"closed","template":"","meta":{"_uag_custom_page_level_css":"","ocean_post_layout":"full-width","ocean_both_sidebars_style":"","ocean_both_sidebars_content_width":0,"ocean_both_sidebars_sidebars_width":0,"ocean_sidebar":"","ocean_second_sidebar":"","ocean_disable_margins":"enable","ocean_add_body_class":"","ocean_shortcode_before_top_bar":"","ocean_shortcode_after_top_bar":"","ocean_shortcode_before_header":"","ocean_shortcode_after_header":"","ocean_has_shortcode":"","ocean_shortcode_after_title":"","ocean_shortcode_before_footer_widgets":"","ocean_shortcode_after_footer_widgets":"","ocean_shortcode_before_footer_bottom":"","ocean_shortcode_after_footer_bottom":"","ocean_display_top_bar":"default","ocean_display_header":"default","ocean_header_style":"","ocean_center_header_left_menu":"","ocean_custom_header_template":"","ocean_custom_logo":0,"ocean_custom_retina_logo":0,"ocean_custom_logo_max_width":0,"ocean_custom_logo_tablet_max_width":0,"ocean_custom_logo_mobile_max_width":0,"ocean_custom_logo_max_height":0,"ocean_custom_logo_tablet_max_height":0,"ocean_custom_logo_mobile_max_height":0,"ocean_header_custom_menu":"","ocean_menu_typo_font_family":"","ocean_menu_typo_font_subset":"","ocean_menu_typo_font_size":0,"ocean_menu_typo_font_size_tablet":0,"ocean_menu_typo_font_size_mobile":0,"ocean_menu_typo_font_size_unit":"px","ocean_menu_typo_font_weight":"","ocean_menu_typo_font_weight_tablet":"","ocean_menu_typo_font_weight_mobile":"","ocean_menu_typo_transform":"","ocean_menu_typo_transform_tablet":"","ocean_menu_typo_transform_mobile":"","ocean_menu_typo_line_height":0,"ocean_menu_typo_line_height_tablet":0,"ocean_menu_typo_line_height_mobile":0,"ocean_menu_typo_line_height_unit":"","ocean_menu_typo_spacing":0,"ocean_menu_typo_spacing_tablet":0,"ocean_menu_typo_spacing_mobile":0,"ocean_menu_typo_spacing_unit":"","ocean_menu_link_color":"","ocean_menu_link_color_hover":"","ocean_menu_link_color_active":"","ocean_menu_link_background":"","ocean_menu_link_hover_background":"","ocean_menu_link_active_background":"","ocean_menu_social_links_bg":"","ocean_menu_social_hover_links_bg":"","ocean_menu_social_links_color":"","ocean_menu_social_hover_links_color":"","ocean_disable_title":"on","ocean_disable_heading":"default","ocean_post_title":"","ocean_post_subheading":"","ocean_post_title_style":"","ocean_post_title_background_color":"","ocean_post_title_background":0,"ocean_post_title_bg_image_position":"","ocean_post_title_bg_image_attachment":"","ocean_post_title_bg_image_repeat":"","ocean_post_title_bg_image_size":"","ocean_post_title_height":0,"ocean_post_title_bg_overlay":0.5,"ocean_post_title_bg_overlay_color":"","ocean_disable_breadcrumbs":"default","ocean_breadcrumbs_color":"","ocean_breadcrumbs_separator_color":"","ocean_breadcrumbs_links_color":"","ocean_breadcrumbs_links_hover_color":"","ocean_display_footer_widgets":"default","ocean_display_footer_bottom":"default","ocean_custom_footer_template":"","footnotes":""},"class_list":["post-501","page","type-page","status-publish","hentry","entry","owp-thumbs-layout-horizontal","owp-btn-normal","owp-tabs-layout-horizontal","has-no-thumbnails","has-product-nav"],"uagb_featured_image_src":{"full":false,"thumbnail":false,"medium":false,"medium_large":false,"large":false,"1536x1536":false,"2048x2048":false,"ocean-thumb-m":false,"ocean-thumb-ml":false,"ocean-thumb-l":false,"mailpoet_newsletter_max":false,"woocommerce_thumbnail":false,"woocommerce_single":false,"woocommerce_gallery_thumbnail":false},"uagb_author_info":{"display_name":"admin","author_link":"https:\/\/pascalhequet.fr\/?author=1"},"uagb_comment_info":0,"uagb_excerpt":"Naturopathie pour les humains et les animaux La naturopathie est une pratique de soin qui vise \u00e0 renforcer les capacit\u00e9s d\u2019auto-gu\u00e9rison du corps, \u00e0 pr\u00e9venir les maladies et \u00e0 optimiser la sant\u00e9. Elle repose sur des principes de respect de la nature, de globalit\u00e9 de l\u2019\u00eatre et de responsabilit\u00e9 individuelle. Elle utilise des m\u00e9thodes naturelles\u2026","jetpack_sharing_enabled":true,"_links":{"self":[{"href":"https:\/\/pascalhequet.fr\/index.php?rest_route=\/wp\/v2\/pages\/501","targetHints":{"allow":["GET"]}}],"collection":[{"href":"https:\/\/pascalhequet.fr\/index.php?rest_route=\/wp\/v2\/pages"}],"about":[{"href":"https:\/\/pascalhequet.fr\/index.php?rest_route=\/wp\/v2\/types\/page"}],"author":[{"embeddable":true,"href":"https:\/\/pascalhequet.fr\/index.php?rest_route=\/wp\/v2\/users\/1"}],"replies":[{"embeddable":true,"href":"https:\/\/pascalhequet.fr\/index.php?rest_route=%2Fwp%2Fv2%2Fcomments&post=501"}],"version-history":[{"count":0,"href":"https:\/\/pascalhequet.fr\/index.php?rest_route=\/wp\/v2\/pages\/501\/revisions"}],"wp:attachment":[{"href":"https:\/\/pascalhequet.fr\/index.php?rest_route=%2Fwp%2Fv2%2Fmedia&parent=501"}],"curies":[{"name":"wp","href":"https:\/\/api.w.org\/{rel}","templated":true}]}}